{"id":290,"date":"2008-06-11T16:25:36","date_gmt":"2008-06-11T15:25:36","guid":{"rendered":"http:\/\/bozcow.com\/?page_id=290"},"modified":"2012-06-30T10:19:27","modified_gmt":"2012-06-30T09:19:27","slug":"platespotting","status":"publish","type":"page","link":"http:\/\/bozcow.com\/?page_id=290","title":{"rendered":"Platespotting"},"content":{"rendered":"<p>S\u00f6ker 251<\/p>\n<p>Mer info kring detta n\u00f6rderi finns givetvis p\u00e5 <a href=\"http:\/\/www.platespotting.com\" target=\"_blank\">n\u00e4tet<\/a>.<\/p>\n<p>250 2012062n Parkering @volvo<br \/>\n249 201206nn Parkeringen @volvo<br \/>\n248 20120308 Parkeringen @Volvo<br \/>\n247 20120305 Hj\u00e4llbo (nu h\u00e4nder det grejjer :)<br \/>\n246 20110228 P\u00e5 v\u00e4g till f\u00f6rskolan<br \/>\n245 201012nn<br \/>\n244 gunnilse 20101109<br \/>\n242 &#8211; 243 : till\/fr\u00e5n jobbet 201009nn<br \/>\n238 &#8211; 241 : \/dev\/null<br \/>\n237 : 20100717 svanvik, Orust<br \/>\n236 : 20100607 P\u00e5 v\u00e4g till frissan<br \/>\n235 : 20100518 Angeredsbron<br \/>\n233 &#8211; 234 : 20100512-18 All over the place<br \/>\n232 : 20100511 Parkeringen igen<br \/>\n231 : 20100510 Parkering<br \/>\n230 : 20100509 L\u00f6p<br \/>\n229 : 20100509 Ica<br \/>\n228 : 201004nn<br \/>\n227 : 20100413 : P\u00e5 v\u00e4g hem<br \/>\n225-6 : 20100407 : Parkering @ Hisingen<br \/>\n224: 201003nn : Flera g\u00e5nger, olika platser<br \/>\n223: 20100312 : Lunchpromenad<br \/>\n222 : 20100112 : Nytt \u00e5r, nya m\u00f6jligheter!<br \/>\n220-221 : 200912nn<br \/>\n219 : 20091204 : Angered centrum<br \/>\n218 : 20091130 : P\u00e5 v\u00e4g hem<br \/>\n217 : 200911nn : Parkering vid mataff\u00e4r&#8217;n<br \/>\n215,216 : 20091111 : P\u00e5 lunchen<br \/>\n214 : 20091104 : Kristinedal tr\u00e4ningscenter<br \/>\n213 : 200910nn : K\u00f6rde f\u00f6rbi<br \/>\n212 : 200910nn : H\u00e4rskogen<br \/>\n211 : 20091012 : P\u00e5 g till jobbet<br \/>\n209-210 : 20091011 : Alings\u00e5s<br \/>\n202 &#8211; 208 : 20091002 och desf\u00f6rinnan. S\u00e5g 7 och 8 idag p\u00e5 v\u00e4g hem!<br \/>\n201 : 20090918 : Ullared!<br \/>\n200 : 20090916 : Runt lunch<br \/>\n199 : 200908nn : Parkeringen @ Allum<br \/>\n198  : 200908nn : Minns det som om det vore ig\u00e5r<br \/>\n196 o 197 : 20090807 : Cyklandes p\u00e5 v\u00e4g till jobbet<br \/>\n189 &#8211; 195 : 200907nn, semesterspottat.<br \/>\n188: 20090622 Volvo XC-serie, p\u00e5 v\u00e4g till jobbet<br \/>\n187: N\u00e5gonstans mellan Motala och V\u00e4stkusten, innan 20090622 men efter tjejv\u00e4ttern<br \/>\n186: Tjejv\u00e4ttern, Motala<br \/>\n185: 20090604 Jobbet<br \/>\n184: 20090603 Jobbet<br \/>\n183: 20090602 I n\u00e4rheten av Bergsj\u00f6n<br \/>\n182 : 20090529 TBD<br \/>\n175-181: Har inte hunnit med att uppdatera.. 181 s\u00e5gs idag, 20090528<br \/>\n174: 20090517 Lilla G\u00f6teborgsvarvet<br \/>\n172-173: 20090510 Fram och tillbaka mellan hemmet och V\u00e4nersborg<br \/>\n170-171: 20090508 P\u00e5 v\u00e4g till jobbet (det g\u00e5r bra nu :)<br \/>\n168-169: 20090503 Gr\u00e5backa<br \/>\n166-167 : 20090425 Runt mataff\u00e4ren med omnejd<br \/>\n165: 20090422 Brandstationen angered<br \/>\n164: 20090421 Angeredsbron (3inArOw!)<br \/>\n163: 20090421 Linnarhult<br \/>\n162: 20090421 F\u00f6rskolan<br \/>\n161: 20090417 \u00c5nyo p\u00e5 v\u00e4g till jobbet<br \/>\n160: 20090416 P\u00e5 v\u00e4g till jobbet (\u00e4ntligen lite tempo, g\u00f6tt :)<br \/>\n158-159: 20090415 P\u00e5 v\u00e4g till jobbet<br \/>\n157: 20090408 P\u00e5 v\u00e4g till fris\u00f6ren<br \/>\n156 : 20090406 Gr\u00e5backa<br \/>\n155 : 20090405 K\u00f6rde fel i Alings\u00e5s<br \/>\n153-154:20090404 Runt IKEA<br \/>\n151-152: 20090402<br \/>\n149-150: 20090326<br \/>\n147- 148: 20090324. Angered<br \/>\n146 : 20090323. P\u00e5 v\u00e4g till jobbet<br \/>\n145 : 20090320. Ullared!<br \/>\n142-144 : 200902nn. S\u00e5g 144 p\u00e5 v\u00e4g till vasan, d\u00e5 var det den 28de.<br \/>\n141 : 20090212<br \/>\n140 : 20090205<br \/>\n138-139 : 20090203 P\u00e5 v\u00e4g till jobbet.<br \/>\n137 : N\u00e5n parkering<br \/>\n136 ; L\u00f6pning<br \/>\n129-135: Har sett dem men det var ett tag sedan. M\u00e5ste b\u00f6rja uppdatera den h\u00e4r sidan n\u00e4r jag v\u00e4l ser pl\u00e5tarna&#8230;<br \/>\n128: F\u00f6r n\u00e5gon dag sedan, p\u00e5 v\u00e4g..<br \/>\n127: 20081102 : P\u00e5 v\u00e4g hem fr\u00e5n Varberg<br \/>\n126: 200810xx I partille<br \/>\n122-125 : 200810xx \u00c4nnu ett endagsrace<br \/>\n119-121 : 200810xx Samma dag fr\u00e5n jobbet och hem. Gl\u00f6mt dock vilken dag..<br \/>\n118 : 20081015 Parkeringen @ work<br \/>\n116 &#8211; 117 : 20081014 P\u00e5 v\u00e4g till jobbet<br \/>\n115 : 20081013 P\u00e5 v\u00e4g till jobbet typ<br \/>\n113 &#8211; 114: 20081012 Runt botaniska och d\u00e4romkring<br \/>\n109 &#8211; 112: Kring liding\u00f6loppet 2008<br \/>\n108: Helgen som gick<br \/>\n107: Angered, fr\u00e5n cykeln 20080919<br \/>\n99 &#8211; 106: Fallit i gl\u00f6mska, men 101 var ett sl\u00e4p och 106 var ig\u00e5r (20080918)<br \/>\n98 : P\u00e5 v\u00e4g till jobbet 20080822<br \/>\n97 : Husvagn fr\u00e5n 70-talet<br \/>\n96 : I n\u00e4rheten av IKEA @ hisingen<br \/>\n94 &#8211; 95: I n\u00e4rheten av <a href=\"http:\/\/www.boraszoo.se\" target=\"_blank\">Ullhararnas djurpark<\/a><br \/>\n89 &#8211; 93: Under semesterresan i Sverige och Norge 200807xx<br \/>\n88: Cyklade till badet 20080705<br \/>\n87: P\u00e5 v\u00e4g hem fr\u00e5n jobbet 20080704<br \/>\n86: Parkeringen @ work 20080704<br \/>\n85: P\u00e5 v\u00e4g mot bergsj\u00f6n 20080704<br \/>\n84: Runt jobbet 20080702<br \/>\n83: P\u00e5 v\u00e4g mot Alings\u00e5s 20080628<br \/>\n82: P\u00e5 v\u00e4g mot Alings\u00e5s 20080628<br \/>\n81: Stenkullen<br \/>\n80: Jobbet 20080618<br \/>\n78 o 79: V\u00e4tternrundan 2008<br \/>\n77: 20080612<br \/>\n\u00d6vrig historik: F\u00f6r alltid f\u00f6rsvunnen i gl\u00f6mskans dimmor.0<\/p>\n<div id=\"wrchoverdiv\">\n<div id=\"wrccontainer\">\n<div id=\"wrcheader\">\n<div id=\"wrctitle\">WebRep<\/div>\n<\/div>\n<div id=\"wrccurrentvote\">currentVote<\/div>\n<div id=\"wrcratingtext\">noRating<\/div>\n<div id=\"wrcweighttext\">noWeight<\/div>\n<div id=\"wrcflags\"><\/div>\n<\/div>\n<\/div>\n","protected":false},"excerpt":{"rendered":"<p>S\u00f6ker 251 Mer info kring detta n\u00f6rderi finns givetvis p\u00e5 n\u00e4tet. 250 2012062n Parkering @volvo 249 201206nn Parkeringen @volvo 248 20120308 Parkeringen @Volvo 247 20120305 Hj\u00e4llbo (nu h\u00e4nder det grejjer :) 246 20110228 P\u00e5 v\u00e4g till f\u00f6rskolan 245 201012nn 244 gunnilse 20101109 242 &#8211; 243 : till\/fr\u00e5n jobbet 201009nn 238 &#8211; 241 : \/dev\/null 237 [&hellip;]<\/p>\n","protected":false},"author":3,"featured_media":0,"parent":0,"menu_order":0,"comment_status":"open","ping_status":"open","template":"","meta":{"footnotes":""},"class_list":["post-290","page","type-page","status-publish","hentry"],"_links":{"self":[{"href":"http:\/\/bozcow.com\/index.php?rest_route=\/wp\/v2\/pages\/290","targetHints":{"allow":["GET"]}}],"collection":[{"href":"http:\/\/bozcow.com\/index.php?rest_route=\/wp\/v2\/pages"}],"about":[{"href":"http:\/\/bozcow.com\/index.php?rest_route=\/wp\/v2\/types\/page"}],"author":[{"embeddable":true,"href":"http:\/\/bozcow.com\/index.php?rest_route=\/wp\/v2\/users\/3"}],"replies":[{"embeddable":true,"href":"http:\/\/bozcow.com\/index.php?rest_route=%2Fwp%2Fv2%2Fcomments&post=290"}],"version-history":[{"count":74,"href":"http:\/\/bozcow.com\/index.php?rest_route=\/wp\/v2\/pages\/290\/revisions"}],"predecessor-version":[{"id":514,"href":"http:\/\/bozcow.com\/index.php?rest_route=\/wp\/v2\/pages\/290\/revisions\/514"}],"wp:attachment":[{"href":"http:\/\/bozcow.com\/index.php?rest_route=%2Fwp%2Fv2%2Fmedia&parent=290"}],"curies":[{"name":"wp","href":"https:\/\/api.w.org\/{rel}","templated":true}]}}