{"id":31,"date":"2007-01-19T22:23:35","date_gmt":"2007-01-19T21:23:35","guid":{"rendered":"http:\/\/bozcow.com\/?page_id=31"},"modified":"2007-07-27T23:07:27","modified_gmt":"2007-07-27T21:07:27","slug":"kaka","status":"publish","type":"page","link":"http:\/\/bozcow.com\/?page_id=31","title":{"rendered":"kaka!"},"content":{"rendered":"<p>den h\u00e4r siten anv\u00e4nder kakor, cookies, smulor you name it. bara s\u00e5 att ni vet. mest \u00e4r det v\u00e4l susnet som kakar ur, men man vet ju aldrig.<\/p>\n<p>vill du vara helt s\u00e4ker p\u00e5 att ingen har n\u00e5gon som helst aning om vart du surfar s\u00e5 surfa inte.<\/p>\n","protected":false},"excerpt":{"rendered":"<p>den h\u00e4r siten anv\u00e4nder kakor, cookies, smulor you name it. bara s\u00e5 att ni vet. mest \u00e4r det v\u00e4l susnet som kakar ur, men man vet ju aldrig. vill du vara helt s\u00e4ker p\u00e5 att ingen har n\u00e5gon som helst aning om vart du surfar s\u00e5 surfa inte.<\/p>\n","protected":false},"author":3,"featured_media":0,"parent":0,"menu_order":0,"comment_status":"open","ping_status":"open","template":"","meta":{"footnotes":""},"class_list":["post-31","page","type-page","status-publish","hentry"],"_links":{"self":[{"href":"http:\/\/bozcow.com\/index.php?rest_route=\/wp\/v2\/pages\/31","targetHints":{"allow":["GET"]}}],"collection":[{"href":"http:\/\/bozcow.com\/index.php?rest_route=\/wp\/v2\/pages"}],"about":[{"href":"http:\/\/bozcow.com\/index.php?rest_route=\/wp\/v2\/types\/page"}],"author":[{"embeddable":true,"href":"http:\/\/bozcow.com\/index.php?rest_route=\/wp\/v2\/users\/3"}],"replies":[{"embeddable":true,"href":"http:\/\/bozcow.com\/index.php?rest_route=%2Fwp%2Fv2%2Fcomments&post=31"}],"version-history":[{"count":0,"href":"http:\/\/bozcow.com\/index.php?rest_route=\/wp\/v2\/pages\/31\/revisions"}],"wp:attachment":[{"href":"http:\/\/bozcow.com\/index.php?rest_route=%2Fwp%2Fv2%2Fmedia&parent=31"}],"curies":[{"name":"wp","href":"https:\/\/api.w.org\/{rel}","templated":true}]}}